{"id":423,"date":"2026-01-22T14:11:39","date_gmt":"2026-01-22T13:11:39","guid":{"rendered":"https:\/\/interklinikpoprad.sk\/specialisti\/"},"modified":"2026-02-24T13:00:07","modified_gmt":"2026-02-24T12:00:07","slug":"specjalisci","status":"publish","type":"page","link":"https:\/\/interklinikpoprad.sk\/pl\/specjalisci\/","title":{"rendered":"Specjali\u015bci"},"content":{"rendered":"<p>Zesp\u00f3\u0142 najlepszych, do\u015bwiadczonych lekarzy zapewnia jako\u015b\u0107 i&nbsp;bezpiecze\u0144stwo wszystkich zabieg\u00f3w.<\/p>\n","protected":false},"excerpt":{"rendered":"<p>Zesp\u00f3\u0142 najlepszych, do\u015bwiadczonych lekarzy zapewnia jako\u015b\u0107 i&nbsp;bezpiecze\u0144stwo wszystkich zabieg\u00f3w.<\/p>\n","protected":false},"author":1,"featured_media":612,"parent":0,"menu_order":1,"comment_status":"closed","ping_status":"closed","template":"","meta":{"footnotes":""},"class_list":["post-423","page","type-page","status-publish","has-post-thumbnail","hentry"],"acf":[],"aioseo_notices":[],"_links":{"self":[{"href":"https:\/\/interklinikpoprad.sk\/pl\/wp-json\/wp\/v2\/pages\/423","targetHints":{"allow":["GET"]}}],"collection":[{"href":"https:\/\/interklinikpoprad.sk\/pl\/wp-json\/wp\/v2\/pages"}],"about":[{"href":"https:\/\/interklinikpoprad.sk\/pl\/wp-json\/wp\/v2\/types\/page"}],"author":[{"embeddable":true,"href":"https:\/\/interklinikpoprad.sk\/pl\/wp-json\/wp\/v2\/users\/1"}],"replies":[{"embeddable":true,"href":"https:\/\/interklinikpoprad.sk\/pl\/wp-json\/wp\/v2\/comments?post=423"}],"version-history":[{"count":0,"href":"https:\/\/interklinikpoprad.sk\/pl\/wp-json\/wp\/v2\/pages\/423\/revisions"}],"wp:featuredmedia":[{"embeddable":true,"href":"https:\/\/interklinikpoprad.sk\/pl\/wp-json\/wp\/v2\/media\/612"}],"wp:attachment":[{"href":"https:\/\/interklinikpoprad.sk\/pl\/wp-json\/wp\/v2\/media?parent=423"}],"curies":[{"name":"wp","href":"https:\/\/api.w.org\/{rel}","templated":true}]}}