{"id":418,"date":"2026-02-16T09:08:36","date_gmt":"2026-02-16T08:08:36","guid":{"rendered":"https:\/\/interklinikpoprad.sk\/cennik\/"},"modified":"2026-02-24T12:59:18","modified_gmt":"2026-02-24T11:59:18","slug":"cennik","status":"publish","type":"page","link":"https:\/\/interklinikpoprad.sk\/pl\/cennik\/","title":{"rendered":"Cennik"},"content":{"rendered":"<h2>Toksyna botulinowa<\/h2>\n<div class=\"gdc_row\">\n<div class=\"gdc_column gdc_chalf\">\n<div class=\"gdc_inner\">\n<p>Zabieg na&nbsp;1 okolic\u0119 (45 min)<\/p>\n<p>Zabieg na&nbsp;2 wybrane okolice (45 min)<\/p>\n<p>Zabieg na&nbsp;wszystkie 3 okolice (45 min)<\/p>\n<p>Wyszczuplanie twarzy &#8211; mi\u0119\u015bnie \u017cwacze (efekt V-shape, zw\u0119\u017cenie twarzy) (45 min)<\/p>\n<p>Nadpotliwo\u015b\u0107 &#8211; eliminacja pocenia u&nbsp;kobiet<\/p>\n<p>Nadpotliwo\u015b\u0107 &#8211; eliminacja pocenia u&nbsp;m\u0119\u017cczyzn<\/p>\n<\/div>\n<\/div>\n<div class=\"gdc_column gdc_chalf\">\n<div class=\"gdc_inner\">\n<p>120 \u20ac<\/p>\n<p>220 \u20ac<\/p>\n<p>330 \u20ac<\/p>\n<p>200 \u20ac<\/p>\n<p>319 \u20ac<\/p>\n<p>399 \u20ac<\/p>\n<\/div>\n<\/div>\n<\/div>\n<h2>Zabiegi odm\u0142adzaj\u0105ce<\/h2>\n<div class=\"gdc_row\">\n<div class=\"gdc_column gdc_chalf\">\n<div class=\"gdc_inner\">\n<p>RADIESSE 1,5 ml (wybierz obszar zabiegowy \u2013 twarz, d\u0142onie, szyja, dekolt, \u0142okcie) \u2500 75 min<\/p>\n<p>PROFHILO\u00ae 1 zabieg na&nbsp;twarz lub szyj\u0119 \u2500 45 min<\/p>\n<p>PROFHILO\u00ae 2 zabiegi na&nbsp;twarz lub szyj\u0119 \u2500 45 min<\/p>\n<p>JALUPRO SUPER HYDRO 2,5 ml \u2500 45 min<\/p>\n<\/div>\n<\/div>\n<div class=\"gdc_column gdc_chalf\">\n<div class=\"gdc_inner\">\n<p>350 \u20ac<\/p>\n<p>280 \u20ac<\/p>\n<p>530 \u20ac<\/p>\n<p>245 \u20ac<\/p>\n<\/div>\n<\/div>\n<\/div>\n<h2>Kwas hialuronowy<\/h2>\n<div class=\"gdc_row\">\n<div class=\"gdc_column gdc_chalf\">\n<div class=\"gdc_inner\">\n<p>Modelowanie policzk\u00f3w lub brody, 1,2 ml, 75 min<\/p>\n<p>Modelowanie twarzy (zmarszczki normalne), 1 ml, 75 min<\/p>\n<p>Modelowanie twarzy (zmarszczki normalne), 1,2 ml, 75 min<\/p>\n<p>Modelowanie twarzy (g\u0142\u0119bokie zmarszczki), 2 ml, 75 min<\/p>\n<p>Modelowanie twarzy (g\u0142\u0119bokie zmarszczki), 2,2 ml, 75 min<\/p>\n<p>Modelowanie twarzy (g\u0142\u0119bokie zmarszczki), 2,4 ml, 75 min<\/p>\n<p>Modelowanie ust, 1 ml, 60 min<\/p>\n<p>Modelowanie ust (Teosyal RHA Kiss), 0,7 ml, 60 min<\/p>\n<p>Cienie pod&nbsp;oczami, 1 ml, 60 min<\/p>\n<\/div>\n<\/div>\n<div class=\"gdc_column gdc_chalf\">\n<div class=\"gdc_inner\">\n<p>289 \u20ac<\/p>\n<p>260 \u20ac<\/p>\n<p>289 \u20ac<\/p>\n<p>500 \u20ac<\/p>\n<p>540 \u20ac<\/p>\n<p>560 \u20ac<\/p>\n<p>260 \u20ac<\/p>\n<p>210 \u20ac<\/p>\n<p>260 \u20ac<\/p>\n<\/div>\n<\/div>\n<\/div>\n<h2>Vital injector<\/h2>\n<div class=\"gdc_row\">\n<div class=\"gdc_column gdc_chalf\">\n<div class=\"gdc_inner\">\n<p>Twarz \u2500 75 min<\/p>\n<p>Dekolt \u2500 75 min<\/p>\n<p>Twarz + dekolt \u2500 75 min<\/p>\n<\/div>\n<\/div>\n<div class=\"gdc_column gdc_chalf\">\n<div class=\"gdc_inner\">\n<p>250 \u20ac<\/p>\n<p>250 \u20ac<\/p>\n<p>450 \u20ac<\/p>\n<\/div>\n<\/div>\n<\/div>\n<h2>Peelingi chemiczne<\/h2>\n<div class=\"gdc_row\">\n<div class=\"gdc_column gdc_chalf\">\n<div class=\"gdc_inner\">\n<p>Peeling retinolowy, 20 min<\/p>\n<p>Peeling TCA, 20 min<\/p>\n<p>Peeling TCA twarz + dekolt, 30 min<\/p>\n<p>Bioreepeelcl3 &#8211; twarz (peeling ca\u0142oroczny), 30 min<\/p>\n<\/div>\n<\/div>\n<div class=\"gdc_column gdc_chalf\">\n<div class=\"gdc_inner\">\n<p>80 \u20ac<\/p>\n<p>70 \u20ac<\/p>\n<p>90 \u20ac<\/p>\n<p>80 \u20ac<\/p>\n<\/div>\n<\/div>\n<\/div>\n<h2>Mezoterapia<\/h2>\n<div class=\"gdc_row\">\n<div class=\"gdc_column gdc_chalf\">\n<div class=\"gdc_inner\">\n<p>Oczy, 40 min<\/p>\n<p>Dermaren lumi eyes (mezoterapia okolic oczu), 30 min<\/p>\n<p>PHILART (mezoterapia okolic oczu), 30 min<\/p>\n<p>Twarz + szyja, 45 min<\/p>\n<p>Dekolt, 45 min<\/p>\n<p>Twarz + dekolt + szyja, 60 min<\/p>\n<p>W\u0142osy, 30 min<\/p>\n<p>W\u0142osy (kom\u00f3rki macierzyste), 45 min<\/p>\n<p>Mezoterapia w\u0142asn\u0105 krwi\u0105 (twarz lub w\u0142osy)<\/p>\n<p>REDENSITY 1 ml &#8211; mezoterapia g\u0142\u0119boka<\/p>\n<p>REDENSITY 3 ml &#8211; mezoterapia g\u0142\u0119boka<\/p>\n<p>AQUASHINE PTX 2 ml &#8211; mezoterapia g\u0142\u0119boka<\/p>\n<\/div>\n<\/div>\n<div class=\"gdc_column gdc_chalf\">\n<div class=\"gdc_inner\">\n<p>50 \u20ac<\/p>\n<p>260 \u20ac<\/p>\n<p>220 \u20ac<\/p>\n<p>75 \u20ac<\/p>\n<p>75 \u20ac<\/p>\n<p>130 \u20ac<\/p>\n<p>75 \u20ac<\/p>\n<p>100 \u20ac<\/p>\n<p>199 \u20ac<\/p>\n<p>199 \u20ac<\/p>\n<p>310 \u20ac<\/p>\n<p>249 \u20ac<\/p>\n<\/div>\n<\/div>\n<\/div>\n<h2>Skinpen precision &#8211; microneedling<\/h2>\n<div class=\"gdc_row\">\n<div class=\"gdc_column gdc_chalf\">\n<div class=\"gdc_inner\">\n<p>1 obszar (twarz, szyja, dekolt, d\u0142onie, obszary z&nbsp;rozst\u0119pami), 60 min<\/p>\n<p>obszar (twarz + szyja), 60 min<\/p>\n<p>obszar (twarz + szyja + dekolt), 60 min<\/p>\n<\/div>\n<\/div>\n<div class=\"gdc_column gdc_chalf\">\n<div class=\"gdc_inner\">\n<p>200 \u20ac<\/p>\n<p>250 \u20ac<\/p>\n<p>300 \u20ac<\/p>\n<\/div>\n<\/div>\n<\/div>\n<h2>Klinika dermatologiczna<\/h2>\n<div class=\"gdc_row\">\n<div class=\"gdc_column gdc_chalf\">\n<div class=\"gdc_inner\">\n<p>Konsultacja wst\u0119pna z&nbsp;porad\u0105 og\u00f3ln\u0105, 30 min<\/p>\n<p>Badanie znamion dermatoskopem, 30 min<\/p>\n<\/div>\n<\/div>\n<div class=\"gdc_column gdc_chalf\">\n<div class=\"gdc_inner\">\n<p>30 \u20ac<\/p>\n<p>50 \u20ac<\/p>\n<\/div>\n<\/div>\n<\/div>\n<h2>Oxygeneo<\/h2>\n<div class=\"gdc_row\">\n<div class=\"gdc_column gdc_chalf\">\n<div class=\"gdc_inner\">\n<p>1 zabieg 45 min<\/p>\n<p>Pakiet 3 zabieg\u00f3w 3\u00d745 min<\/p>\n<\/div>\n<\/div>\n<div class=\"gdc_column gdc_chalf\">\n<div class=\"gdc_inner\">\n<p>80 \u20ac<\/p>\n<p>195 \u20ac<\/p>\n<\/div>\n<\/div>\n<\/div>\n<h2>Usuwanie naro\u015bli sk\u00f3rnych za&nbsp;pomoc\u0105 elektrokauteryzacji<\/h2>\n<div class=\"gdc_row\">\n<div class=\"gdc_column gdc_chalf\">\n<div class=\"gdc_inner\">\n<p>Naro\u015bla sk\u00f3rne 1 szt.<\/p>\n<p>Powt\u00f3rny zabieg 1 szt.<\/p>\n<p>Naro\u015bla sk\u00f3rne 2-5 szt.<\/p>\n<p>Powt\u00f3rny zabieg 2-5 szt.<\/p>\n<p>Naro\u015bla sk\u00f3rne 6-10 szt.<\/p>\n<p>Powt\u00f3rny zabieg 6-10 szt.<\/p>\n<p>Naro\u015bla sk\u00f3rne 10-20 szt.<\/p>\n<p>Powt\u00f3rny zabieg 10-20 szt.<\/p>\n<\/div>\n<\/div>\n<div class=\"gdc_column gdc_chalf\">\n<div class=\"gdc_inner\">\n<p>30 \u20ac<\/p>\n<p>22 \u20ac<\/p>\n<p>49 \u20ac<\/p>\n<p>39 \u20ac<\/p>\n<p>59 \u20ac<\/p>\n<p>49 \u20ac<\/p>\n<p>69 \u20ac<\/p>\n<p>59 \u20ac<\/p>\n<\/div>\n<\/div>\n<\/div>\n","protected":false},"excerpt":{"rendered":"<p>Toksyna botulinowa Zabiegi odm\u0142adzaj\u0105ce Kwas hialuronowy Vital injector Peelingi chemiczne Mezoterapia Skinpen precision &#8211; microneedling Klinika dermatologiczna Oxygeneo Usuwanie naro\u015bli sk\u00f3rnych za&nbsp;pomoc\u0105 elektrokauteryzacji<\/p>\n","protected":false},"author":3,"featured_media":612,"parent":0,"menu_order":0,"comment_status":"closed","ping_status":"closed","template":"","meta":{"footnotes":""},"class_list":["post-418","page","type-page","status-publish","has-post-thumbnail","hentry"],"acf":[],"aioseo_notices":[],"_links":{"self":[{"href":"https:\/\/interklinikpoprad.sk\/pl\/wp-json\/wp\/v2\/pages\/418","targetHints":{"allow":["GET"]}}],"collection":[{"href":"https:\/\/interklinikpoprad.sk\/pl\/wp-json\/wp\/v2\/pages"}],"about":[{"href":"https:\/\/interklinikpoprad.sk\/pl\/wp-json\/wp\/v2\/types\/page"}],"author":[{"embeddable":true,"href":"https:\/\/interklinikpoprad.sk\/pl\/wp-json\/wp\/v2\/users\/3"}],"replies":[{"embeddable":true,"href":"https:\/\/interklinikpoprad.sk\/pl\/wp-json\/wp\/v2\/comments?post=418"}],"version-history":[{"count":0,"href":"https:\/\/interklinikpoprad.sk\/pl\/wp-json\/wp\/v2\/pages\/418\/revisions"}],"wp:featuredmedia":[{"embeddable":true,"href":"https:\/\/interklinikpoprad.sk\/pl\/wp-json\/wp\/v2\/media\/612"}],"wp:attachment":[{"href":"https:\/\/interklinikpoprad.sk\/pl\/wp-json\/wp\/v2\/media?parent=418"}],"curies":[{"name":"wp","href":"https:\/\/api.w.org\/{rel}","templated":true}]}}